{"id":18818,"date":"2023-06-05T19:05:35","date_gmt":"2023-06-05T19:05:35","guid":{"rendered":"https:\/\/adler.ch\/staging\/?page_id=18818"},"modified":"2024-06-25T12:53:56","modified_gmt":"2024-06-25T12:53:56","slug":"exclusives","status":"publish","type":"page","link":"https:\/\/adler.ch\/staging\/fr\/exclusives\/","title":{"rendered":"Exclusives"},"content":{"rendered":"<section class=\"l-section wpb_row height_medium\"><div class=\"l-section-h i-cf\"><div class=\"g-cols vc_row via_grid cols_1 laptops-cols_inherit tablets-cols_inherit mobiles-cols_1 valign_top type_default stacking_default\"><div class=\"wpb_column vc_column_container\"><div class=\"vc_column-inner\"><h1 class=\"w-text us_custom_00a79b7d us_animate_this\"><span class=\"w-text-h\"><span class=\"w-text-value\">Exclusives<\/span><\/span><\/h1><p class=\"w-text us_custom_c3395e68 us_animate_this\"><span class=\"w-text-h\"><span class=\"w-text-value\">Adler revendique un h\u00e9ritage cosmopolite et des inspirations multiculturelles, qui donnent naissance \u00e0 une ligne de bijoux \u00e0 nuls autres pareils<\/span><\/span><\/p><\/div><\/div><\/div><\/div><\/section><section class=\"l-section wpb_row height_medium\"><div class=\"l-section-h i-cf\"><div class=\"g-cols vc_row via_grid cols_1 laptops-cols_inherit tablets-cols_inherit mobiles-cols_1 valign_top type_default stacking_default\"><div class=\"wpb_column vc_column_container\"><div class=\"vc_column-inner\"><div class=\"w-grid exclusive-grid type_grid layout_18820\" id=\"us_grid_1\" style=\"--gap:1rem;\"><style>.layout_18820 .w-grid-item-h{}.layout_18820 .usg_vwrapper_1{width:40%!important}.layout_18820 .usg_post_title_1{margin-bottom:30px!important}.layout_18820 .usg_btn_1{font-family:Merriweather Sans!important;margin-bottom:10px!important}.layout_18820 .usg_html_1{width:60%!important}<\/style><div class=\"w-grid-list\">\t<article class=\"w-grid-item size_1x1 post-18783 exclusive type-exclusive status-publish has-post-thumbnail hentry\" data-id=\"18783\">\r\n\t\t<div class=\"w-grid-item-h\">\r\n\t\t\t\t\t\t<div class=\"w-hwrapper usg_hwrapper_1 exclusive-box element i-v align_none valign_bottom\" style=\"--hwrapper-gap:1.20rem\"><div class=\"w-html usg_html_1 post_image\"><div class=\"w-image align_none\"><a href=\"https:\/\/adler.ch\/staging\/fr\/exclusive\/classic-with-a-twist\/\" aria-label=\"diamond earrings\" class=\"w-image-h\"><img decoding=\"async\" width=\"1024\" height=\"1024\" src=\"https:\/\/adler.ch\/staging\/wp-content\/uploads\/2023\/06\/Earrings_slide5_700x700-1024x1024.webp\" class=\"attachment-large size-large\" alt=\"diamond earrings\" loading=\"lazy\" srcset=\"https:\/\/adler.ch\/staging\/wp-content\/uploads\/2023\/06\/Earrings_slide5_700x700-1024x1024.webp 1024w, https:\/\/adler.ch\/staging\/wp-content\/uploads\/2023\/06\/Earrings_slide5_700x700-300x300.webp 300w, https:\/\/adler.ch\/staging\/wp-content\/uploads\/2023\/06\/Earrings_slide5_700x700-150x150.webp 150w, https:\/\/adler.ch\/staging\/wp-content\/uploads\/2023\/06\/Earrings_slide5_700x700.webp 1200w\" sizes=\"auto, (max-width: 1024px) 100vw, 1024px\" \/><\/a><\/div><\/div><div class=\"w-vwrapper usg_vwrapper_1 align_left valign_top\"><h3 class=\"w-post-elm post_title usg_post_title_1 entry-title color_link_inherit\"><a href=\"https:\/\/adler.ch\/staging\/fr\/exclusive\/classic-with-a-twist\/\">Classic with a Twist<\/a><\/h3><a class=\"w-btn us-btn-style_2 usg_btn_1\" href=\"https:\/\/adler.ch\/staging\/fr\/exclusive\/classic-with-a-twist\/\"><span class=\"w-btn-label\">READ MORE<\/span><\/a><\/div><\/div>\t\t<\/div>\r\n\t\t\t<\/article>\r\n\t<article class=\"w-grid-item size_1x1 post-18803 exclusive type-exclusive status-publish has-post-thumbnail hentry\" data-id=\"18803\">\r\n\t\t<div class=\"w-grid-item-h\">\r\n\t\t\t\t\t\t<div class=\"w-hwrapper usg_hwrapper_1 exclusive-box element i-v align_none valign_bottom\" style=\"--hwrapper-gap:1.20rem\"><div class=\"w-html usg_html_1 post_image\"><div class=\"w-image align_none\"><a href=\"https:\/\/adler.ch\/staging\/fr\/exclusive\/classic-colours\/\" aria-label=\"White gold ring set with Sapphire\" class=\"w-image-h\"><img decoding=\"async\" width=\"1024\" height=\"1024\" src=\"https:\/\/adler.ch\/staging\/wp-content\/uploads\/2023\/06\/Jewels_slide5_700x700-1024x1024.webp\" class=\"attachment-large size-large\" alt=\"White gold ring set with Sapphire\" loading=\"lazy\" srcset=\"https:\/\/adler.ch\/staging\/wp-content\/uploads\/2023\/06\/Jewels_slide5_700x700-1024x1024.webp 1024w, https:\/\/adler.ch\/staging\/wp-content\/uploads\/2023\/06\/Jewels_slide5_700x700-300x300.webp 300w, https:\/\/adler.ch\/staging\/wp-content\/uploads\/2023\/06\/Jewels_slide5_700x700-150x150.webp 150w, https:\/\/adler.ch\/staging\/wp-content\/uploads\/2023\/06\/Jewels_slide5_700x700.webp 1200w\" sizes=\"auto, (max-width: 1024px) 100vw, 1024px\" \/><\/a><\/div><\/div><div class=\"w-vwrapper usg_vwrapper_1 align_left valign_top\"><h3 class=\"w-post-elm post_title usg_post_title_1 entry-title color_link_inherit\"><a href=\"https:\/\/adler.ch\/staging\/fr\/exclusive\/classic-colours\/\">Classic Colours<\/a><\/h3><a class=\"w-btn us-btn-style_2 usg_btn_1\" href=\"https:\/\/adler.ch\/staging\/fr\/exclusive\/classic-colours\/\"><span class=\"w-btn-label\">READ MORE<\/span><\/a><\/div><\/div>\t\t<\/div>\r\n\t\t\t<\/article>\r\n\t<article class=\"w-grid-item size_1x1 post-19341 exclusive type-exclusive status-publish has-post-thumbnail hentry\" data-id=\"19341\">\r\n\t\t<div class=\"w-grid-item-h\">\r\n\t\t\t\t\t\t<div class=\"w-hwrapper usg_hwrapper_1 exclusive-box element i-v align_none valign_bottom\" style=\"--hwrapper-gap:1.20rem\"><div class=\"w-html usg_html_1 post_image\"><div class=\"w-image align_none\"><a href=\"https:\/\/adler.ch\/staging\/fr\/exclusive\/perles-divines\/\" aria-label=\"White Pearl Ring\" class=\"w-image-h\"><img decoding=\"async\" width=\"1024\" height=\"1024\" src=\"https:\/\/adler.ch\/staging\/wp-content\/uploads\/2024\/01\/Ring_137397-1024x1024.webp\" class=\"attachment-large size-large\" alt=\"White Pearl Ring\" loading=\"lazy\" srcset=\"https:\/\/adler.ch\/staging\/wp-content\/uploads\/2024\/01\/Ring_137397-1024x1024.webp 1024w, https:\/\/adler.ch\/staging\/wp-content\/uploads\/2024\/01\/Ring_137397-300x300.webp 300w, https:\/\/adler.ch\/staging\/wp-content\/uploads\/2024\/01\/Ring_137397-150x150.webp 150w, https:\/\/adler.ch\/staging\/wp-content\/uploads\/2024\/01\/Ring_137397.webp 1200w\" sizes=\"auto, (max-width: 1024px) 100vw, 1024px\" \/><\/a><\/div><\/div><div class=\"w-vwrapper usg_vwrapper_1 align_left valign_top\"><h3 class=\"w-post-elm post_title usg_post_title_1 entry-title color_link_inherit\"><a href=\"https:\/\/adler.ch\/staging\/fr\/exclusive\/perles-divines\/\">Perles Divines<\/a><\/h3><a class=\"w-btn us-btn-style_2 usg_btn_1\" href=\"https:\/\/adler.ch\/staging\/fr\/exclusive\/perles-divines\/\"><span class=\"w-btn-label\">READ MORE<\/span><\/a><\/div><\/div>\t\t<\/div>\r\n\t\t\t<\/article>\r\n\t<article class=\"w-grid-item size_1x1 post-18657 exclusive type-exclusive status-publish has-post-thumbnail hentry\" data-id=\"18657\">\r\n\t\t<div class=\"w-grid-item-h\">\r\n\t\t\t\t\t\t<div class=\"w-hwrapper usg_hwrapper_1 exclusive-box element i-v align_none valign_bottom\" style=\"--hwrapper-gap:1.20rem\"><div class=\"w-html usg_html_1 post_image\"><div class=\"w-image align_none\"><a href=\"https:\/\/adler.ch\/staging\/fr\/exclusive\/les-singulieres\/\" aria-label=\"Singuli\u00e8res-2-700x700-621x700\" class=\"w-image-h\"><img decoding=\"async\" width=\"621\" height=\"700\" src=\"https:\/\/adler.ch\/staging\/wp-content\/uploads\/2023\/06\/Singulieres-2-700x700-621x700-1.png\" class=\"attachment-large size-large\" alt=\"\" loading=\"lazy\" srcset=\"https:\/\/adler.ch\/staging\/wp-content\/uploads\/2023\/06\/Singulieres-2-700x700-621x700-1.png 621w, https:\/\/adler.ch\/staging\/wp-content\/uploads\/2023\/06\/Singulieres-2-700x700-621x700-1-266x300.png 266w\" sizes=\"auto, (max-width: 621px) 100vw, 621px\" \/><\/a><\/div><\/div><div class=\"w-vwrapper usg_vwrapper_1 align_left valign_top\"><h3 class=\"w-post-elm post_title usg_post_title_1 entry-title color_link_inherit\"><a href=\"https:\/\/adler.ch\/staging\/fr\/exclusive\/les-singulieres\/\">Les Singuli\u00e8res<\/a><\/h3><a class=\"w-btn us-btn-style_2 usg_btn_1\" href=\"https:\/\/adler.ch\/staging\/fr\/exclusive\/les-singulieres\/\"><span class=\"w-btn-label\">READ MORE<\/span><\/a><\/div><\/div>\t\t<\/div>\r\n\t\t\t<\/article>\r\n\t<article class=\"w-grid-item size_1x1 post-18638 exclusive type-exclusive status-publish has-post-thumbnail hentry\" data-id=\"18638\">\r\n\t\t<div class=\"w-grid-item-h\">\r\n\t\t\t\t\t\t<div class=\"w-hwrapper usg_hwrapper_1 exclusive-box element i-v align_none valign_bottom\" style=\"--hwrapper-gap:1.20rem\"><div class=\"w-html usg_html_1 post_image\"><div class=\"w-image align_none\"><a href=\"https:\/\/adler.ch\/staging\/fr\/exclusive\/shinsei\/\" aria-label=\"Shinsei jewellery collection by Adler Joailliers\" class=\"w-image-h\"><img decoding=\"async\" width=\"888\" height=\"1000\" src=\"https:\/\/adler.ch\/staging\/wp-content\/uploads\/2024\/05\/621x700_Exclusives_Shinsei.webp\" class=\"attachment-large size-large\" alt=\"Shinsei jewellery collection by Adler Joailliers\" loading=\"lazy\" srcset=\"https:\/\/adler.ch\/staging\/wp-content\/uploads\/2024\/05\/621x700_Exclusives_Shinsei.webp 888w, https:\/\/adler.ch\/staging\/wp-content\/uploads\/2024\/05\/621x700_Exclusives_Shinsei-266x300.webp 266w\" sizes=\"auto, (max-width: 888px) 100vw, 888px\" \/><\/a><\/div><\/div><div class=\"w-vwrapper usg_vwrapper_1 align_left valign_top\"><h3 class=\"w-post-elm post_title usg_post_title_1 entry-title color_link_inherit\"><a href=\"https:\/\/adler.ch\/staging\/fr\/exclusive\/shinsei\/\">Shinsei<\/a><\/h3><a class=\"w-btn us-btn-style_2 usg_btn_1\" href=\"https:\/\/adler.ch\/staging\/fr\/exclusive\/shinsei\/\"><span class=\"w-btn-label\">READ MORE<\/span><\/a><\/div><\/div>\t\t<\/div>\r\n\t\t\t<\/article>\r\n\t<article class=\"w-grid-item size_1x1 post-18618 exclusive type-exclusive status-publish has-post-thumbnail hentry\" data-id=\"18618\">\r\n\t\t<div class=\"w-grid-item-h\">\r\n\t\t\t\t\t\t<div class=\"w-hwrapper usg_hwrapper_1 exclusive-box element i-v align_none valign_bottom\" style=\"--hwrapper-gap:1.20rem\"><div class=\"w-html usg_html_1 post_image\"><div class=\"w-image align_none\"><a href=\"https:\/\/adler.ch\/staging\/fr\/exclusive\/sail\/\" aria-label=\"621x700_Exclusives_Sail-1\" class=\"w-image-h\"><img decoding=\"async\" width=\"621\" height=\"700\" src=\"https:\/\/adler.ch\/staging\/wp-content\/uploads\/2023\/06\/621x700_Exclusives_Sail-1.png\" class=\"attachment-large size-large\" alt=\"\" loading=\"lazy\" srcset=\"https:\/\/adler.ch\/staging\/wp-content\/uploads\/2023\/06\/621x700_Exclusives_Sail-1.png 621w, https:\/\/adler.ch\/staging\/wp-content\/uploads\/2023\/06\/621x700_Exclusives_Sail-1-266x300.png 266w\" sizes=\"auto, (max-width: 621px) 100vw, 621px\" \/><\/a><\/div><\/div><div class=\"w-vwrapper usg_vwrapper_1 align_left valign_top\"><h3 class=\"w-post-elm post_title usg_post_title_1 entry-title color_link_inherit\"><a href=\"https:\/\/adler.ch\/staging\/fr\/exclusive\/sail\/\">Sail<\/a><\/h3><a class=\"w-btn us-btn-style_2 usg_btn_1\" href=\"https:\/\/adler.ch\/staging\/fr\/exclusive\/sail\/\"><span class=\"w-btn-label\">READ MORE<\/span><\/a><\/div><\/div>\t\t<\/div>\r\n\t\t\t<\/article>\r\n<\/div><div class=\"w-grid-preloader\">\t<div class=\"g-preloader type_custom\">\r\n\t\t<div><img loading=\"lazy\" decoding=\"async\" width=\"300\" height=\"300\" src=\"https:\/\/adler.ch\/staging\/wp-content\/uploads\/2021\/12\/Adler_logo_red.svg\" class=\"attachment-medium size-medium\" alt=\"Adler Joailliers logo\" \/><\/div>\r\n\t<\/div>\r\n\t<\/div>\t<div class=\"w-grid-json hidden\" onclick='return {&quot;action&quot;:&quot;us_ajax_grid&quot;,&quot;infinite_scroll&quot;:0,&quot;max_num_pages&quot;:1,&quot;pagination&quot;:&quot;none&quot;,&quot;template_vars&quot;:{&quot;columns&quot;:&quot;1&quot;,&quot;exclude_items&quot;:&quot;none&quot;,&quot;img_size&quot;:&quot;default&quot;,&quot;ignore_items_size&quot;:0,&quot;items_layout&quot;:&quot;18820&quot;,&quot;items_offset&quot;:&quot;1&quot;,&quot;load_animation&quot;:&quot;none&quot;,&quot;overriding_link&quot;:&quot;%7B%22url%22%3A%22%22%7D&quot;,&quot;post_id&quot;:0,&quot;query_args&quot;:{&quot;ignore_sticky_posts&quot;:1,&quot;post_type&quot;:&quot;any&quot;,&quot;post__in&quot;:[&quot;18783&quot;,&quot;18803&quot;,&quot;19341&quot;,&quot;18657&quot;,&quot;18638&quot;,&quot;18618&quot;],&quot;posts_per_page&quot;:&quot;50&quot;},&quot;orderby_query_args&quot;:{&quot;orderby&quot;:{&quot;post__in&quot;:&quot;ASC&quot;},&quot;order&quot;:&quot;ASC&quot;},&quot;type&quot;:&quot;grid&quot;,&quot;us_grid_post_type&quot;:&quot;ids&quot;,&quot;us_grid_ajax_index&quot;:1,&quot;us_grid_filter_query_string&quot;:null,&quot;us_grid_index&quot;:1,&quot;page_args&quot;:[]}}'><\/div>\r\n\t<\/div><\/div><\/div><\/div><\/div><\/section>\n","protected":false},"excerpt":{"rendered":"HOME\/COLLECTION\/Sail HOME\/COLLECTION\/Sail SailLe mouvement de houle sur la mer, le flottement d\u2019une voile de bateau, la l\u00e9g\u00e8ret\u00e9 d\u2019une robe surprise par une douce brise, la perfection a\u00e9rienne de boucles d\u2019oreilles port\u00e9es avec \u00e9l\u00e9gance. SailLes boucles d&#8217;oreilles Sail conf\u00e8rent gr\u00e2ce et \u00e9l\u00e9gance \u00e0 la personne qui les porte.Dans chaque pi\u00e8ce de la collection Sail, le titane...","protected":false},"author":1,"featured_media":0,"parent":0,"menu_order":0,"comment_status":"closed","ping_status":"closed","template":"","meta":{"inline_featured_image":false,"footnotes":""},"class_list":["post-18818","page","type-page","status-publish","hentry"],"yoast_head":"<!-- This site is optimized with the Yoast SEO plugin v27.3 - https:\/\/yoast.com\/product\/yoast-seo-wordpress\/ -->\n<title>Exclusives - Adler Joailliers, Geneva, Switzerland<\/title>\n<meta name=\"robots\" content=\"noindex, follow, max-snippet:-1, max-image-preview:large, max-video-preview:-1\" \/>\n<meta property=\"og:locale\" content=\"en_US\" \/>\n<meta property=\"og:type\" content=\"article\" \/>\n<meta property=\"og:title\" content=\"Exclusives - Adler Joailliers, Geneva, Switzerland\" \/>\n<meta property=\"og:url\" content=\"https:\/\/adler.ch\/staging\/fr\/exclusives\/\" \/>\n<meta property=\"og:site_name\" content=\"Adler Joailliers, Geneva, Switzerland\" \/>\n<meta property=\"article:publisher\" content=\"https:\/\/www.facebook.com\/adlerjoailliers\" \/>\n<meta property=\"article:modified_time\" content=\"2024-06-25T12:53:56+00:00\" \/>\n<meta name=\"twitter:card\" content=\"summary_large_image\" \/>\n<meta name=\"twitter:label1\" content=\"Est. reading time\" \/>\n\t<meta name=\"twitter:data1\" content=\"1 minute\" \/>\n<script type=\"application\/ld+json\" class=\"yoast-schema-graph\">{\"@context\":\"https:\\\/\\\/schema.org\",\"@graph\":[{\"@type\":\"WebPage\",\"@id\":\"https:\\\/\\\/adler.ch\\\/staging\\\/fr\\\/exclusives\\\/\",\"url\":\"https:\\\/\\\/adler.ch\\\/staging\\\/fr\\\/exclusives\\\/\",\"name\":\"Exclusives - Adler Joailliers, Geneva, Switzerland\",\"isPartOf\":{\"@id\":\"https:\\\/\\\/adler.ch\\\/staging\\\/#website\"},\"datePublished\":\"2023-06-05T19:05:35+00:00\",\"dateModified\":\"2024-06-25T12:53:56+00:00\",\"breadcrumb\":{\"@id\":\"https:\\\/\\\/adler.ch\\\/staging\\\/fr\\\/exclusives\\\/#breadcrumb\"},\"inLanguage\":\"en-US\",\"potentialAction\":[{\"@type\":\"ReadAction\",\"target\":[\"https:\\\/\\\/adler.ch\\\/staging\\\/fr\\\/exclusives\\\/\"]}]},{\"@type\":\"BreadcrumbList\",\"@id\":\"https:\\\/\\\/adler.ch\\\/staging\\\/fr\\\/exclusives\\\/#breadcrumb\",\"itemListElement\":[{\"@type\":\"ListItem\",\"position\":1,\"name\":\"Home\",\"item\":\"https:\\\/\\\/adler.ch\\\/staging\\\/\"},{\"@type\":\"ListItem\",\"position\":2,\"name\":\"Exclusives\"}]},{\"@type\":\"WebSite\",\"@id\":\"https:\\\/\\\/adler.ch\\\/staging\\\/#website\",\"url\":\"https:\\\/\\\/adler.ch\\\/staging\\\/\",\"name\":\"Adler Joailliers, Geneva, Switzerland\",\"description\":\"High-End Jewellery since 1886\",\"publisher\":{\"@id\":\"https:\\\/\\\/adler.ch\\\/staging\\\/#organization\"},\"potentialAction\":[{\"@type\":\"SearchAction\",\"target\":{\"@type\":\"EntryPoint\",\"urlTemplate\":\"https:\\\/\\\/adler.ch\\\/staging\\\/?s={search_term_string}\"},\"query-input\":{\"@type\":\"PropertyValueSpecification\",\"valueRequired\":true,\"valueName\":\"search_term_string\"}}],\"inLanguage\":\"en-US\"},{\"@type\":\"Organization\",\"@id\":\"https:\\\/\\\/adler.ch\\\/staging\\\/#organization\",\"name\":\"Adler Joailliers\",\"url\":\"https:\\\/\\\/adler.ch\\\/staging\\\/\",\"logo\":{\"@type\":\"ImageObject\",\"inLanguage\":\"en-US\",\"@id\":\"https:\\\/\\\/adler.ch\\\/staging\\\/#\\\/schema\\\/logo\\\/image\\\/\",\"url\":\"https:\\\/\\\/adler.ch\\\/staging\\\/wp-content\\\/uploads\\\/2022\\\/07\\\/Logo_Adler_Red.png\",\"contentUrl\":\"https:\\\/\\\/adler.ch\\\/staging\\\/wp-content\\\/uploads\\\/2022\\\/07\\\/Logo_Adler_Red.png\",\"width\":989,\"height\":500,\"caption\":\"Adler Joailliers\"},\"image\":{\"@id\":\"https:\\\/\\\/adler.ch\\\/staging\\\/#\\\/schema\\\/logo\\\/image\\\/\"},\"sameAs\":[\"https:\\\/\\\/www.facebook.com\\\/adlerjoailliers\",\"https:\\\/\\\/www.instagram.com\\\/adler_joailliers\\\/\"]}]}<\/script>\n<!-- \/ Yoast SEO plugin. -->","yoast_head_json":{"title":"Exclusives - Adler Joailliers, Geneva, Switzerland","robots":{"index":"noindex","follow":"follow","max-snippet":"max-snippet:-1","max-image-preview":"max-image-preview:large","max-video-preview":"max-video-preview:-1"},"og_locale":"en_US","og_type":"article","og_title":"Exclusives - Adler Joailliers, Geneva, Switzerland","og_url":"https:\/\/adler.ch\/staging\/fr\/exclusives\/","og_site_name":"Adler Joailliers, Geneva, Switzerland","article_publisher":"https:\/\/www.facebook.com\/adlerjoailliers","article_modified_time":"2024-06-25T12:53:56+00:00","twitter_card":"summary_large_image","twitter_misc":{"Est. reading time":"1 minute"},"schema":{"@context":"https:\/\/schema.org","@graph":[{"@type":"WebPage","@id":"https:\/\/adler.ch\/staging\/fr\/exclusives\/","url":"https:\/\/adler.ch\/staging\/fr\/exclusives\/","name":"Exclusives - Adler Joailliers, Geneva, Switzerland","isPartOf":{"@id":"https:\/\/adler.ch\/staging\/#website"},"datePublished":"2023-06-05T19:05:35+00:00","dateModified":"2024-06-25T12:53:56+00:00","breadcrumb":{"@id":"https:\/\/adler.ch\/staging\/fr\/exclusives\/#breadcrumb"},"inLanguage":"en-US","potentialAction":[{"@type":"ReadAction","target":["https:\/\/adler.ch\/staging\/fr\/exclusives\/"]}]},{"@type":"BreadcrumbList","@id":"https:\/\/adler.ch\/staging\/fr\/exclusives\/#breadcrumb","itemListElement":[{"@type":"ListItem","position":1,"name":"Home","item":"https:\/\/adler.ch\/staging\/"},{"@type":"ListItem","position":2,"name":"Exclusives"}]},{"@type":"WebSite","@id":"https:\/\/adler.ch\/staging\/#website","url":"https:\/\/adler.ch\/staging\/","name":"Adler Joailliers, Geneva, Switzerland","description":"High-End Jewellery since 1886","publisher":{"@id":"https:\/\/adler.ch\/staging\/#organization"},"potentialAction":[{"@type":"SearchAction","target":{"@type":"EntryPoint","urlTemplate":"https:\/\/adler.ch\/staging\/?s={search_term_string}"},"query-input":{"@type":"PropertyValueSpecification","valueRequired":true,"valueName":"search_term_string"}}],"inLanguage":"en-US"},{"@type":"Organization","@id":"https:\/\/adler.ch\/staging\/#organization","name":"Adler Joailliers","url":"https:\/\/adler.ch\/staging\/","logo":{"@type":"ImageObject","inLanguage":"en-US","@id":"https:\/\/adler.ch\/staging\/#\/schema\/logo\/image\/","url":"https:\/\/adler.ch\/staging\/wp-content\/uploads\/2022\/07\/Logo_Adler_Red.png","contentUrl":"https:\/\/adler.ch\/staging\/wp-content\/uploads\/2022\/07\/Logo_Adler_Red.png","width":989,"height":500,"caption":"Adler Joailliers"},"image":{"@id":"https:\/\/adler.ch\/staging\/#\/schema\/logo\/image\/"},"sameAs":["https:\/\/www.facebook.com\/adlerjoailliers","https:\/\/www.instagram.com\/adler_joailliers\/"]}]}},"_links":{"self":[{"href":"https:\/\/adler.ch\/staging\/wp-json\/wp\/v2\/pages\/18818","targetHints":{"allow":["GET"]}}],"collection":[{"href":"https:\/\/adler.ch\/staging\/wp-json\/wp\/v2\/pages"}],"about":[{"href":"https:\/\/adler.ch\/staging\/wp-json\/wp\/v2\/types\/page"}],"author":[{"embeddable":true,"href":"https:\/\/adler.ch\/staging\/wp-json\/wp\/v2\/users\/1"}],"replies":[{"embeddable":true,"href":"https:\/\/adler.ch\/staging\/wp-json\/wp\/v2\/comments?post=18818"}],"version-history":[{"count":6,"href":"https:\/\/adler.ch\/staging\/wp-json\/wp\/v2\/pages\/18818\/revisions"}],"predecessor-version":[{"id":19908,"href":"https:\/\/adler.ch\/staging\/wp-json\/wp\/v2\/pages\/18818\/revisions\/19908"}],"wp:attachment":[{"href":"https:\/\/adler.ch\/staging\/wp-json\/wp\/v2\/media?parent=18818"}],"curies":[{"name":"wp","href":"https:\/\/api.w.org\/{rel}","templated":true}]}}