{"id":769,"date":"2017-08-15T02:39:24","date_gmt":"2017-08-15T02:39:24","guid":{"rendered":"https:\/\/alder.bfh8s6rl-liquidwebsites.com\/\/\/?page_id=769"},"modified":"2021-06-08T12:28:39","modified_gmt":"2021-06-08T12:28:39","slug":"mentions-legales","status":"publish","type":"page","link":"https:\/\/adler.ch\/site\/footer\/mentions-legales\/","title":{"rendered":"Mentions l\u00e9gales et information relative aux cookies"},"content":{"rendered":"<div class=\"col-sm-6 col first\">\n<div id=\"c594\" class=\"csc-default first\">\n<h2 class=\"p3\"><span class=\"s1\"><b>1. Conditions d\u2019utilisation <\/b><\/span><\/h2>\n<\/div>\n<div id=\"c594\" class=\"csc-default first\">\n<h3><strong>Description du Site<\/strong><\/h3>\n<p>Le site web www.adler.ch\/site\/ (ci-apr\u00e8s : le \u00ab <strong>Site<\/strong> \u00bb) est d\u00e9tenu et exploit\u00e9 par la soci\u00e9t\u00e9 Adler Joailliers SA, sise 23, rue du Rh\u00f4ne, 1204 Gen\u00e8ve, Suisse (ci-apr\u00e8s \u00ab\u00a0<strong>Adle<\/strong><strong>r<\/strong>\u00a0\u00bb).<\/p>\n<p>Le Site vise \u00e0 pr\u00e9senter \u00e0 l\u2019utilisateur du Site (ci-apr\u00e8s l\u2019\u00ab<strong>\u00a0Utilisateur<\/strong>\u00a0\u00bb) des pi\u00e8ces de haute joaillerie, \u00e0 donner des informations et \u00e0 permettre \u00e0 l\u2019Utilisateur de contacter Adler.<\/p>\n<p>&nbsp;<\/p>\n<h3><strong>Utilisation du Site<\/strong><\/h3>\n<p>Les pr\u00e9sentes mentions l\u00e9gales et information relative aux cookies (ci-apr\u00e8s\u00a0\u00ab\u00a0<strong>Mentions l\u00e9gales<\/strong>\u00a0\u00bb), applicables quel que soit le moyen ou le support utilis\u00e9 pour acc\u00e9der au Site, r\u00e9gissent l\u2019utilisation du Site.<\/p>\n<p>En acc\u00e9dant au Site, en y naviguant ou autrement en l\u2019utilisant, l\u2019Utilisateur reconna\u00eet qu\u2019il a lu et compris les pr\u00e9sentesMentions l\u00e9gales, accepte d\u2019\u00eatre li\u00e9 par celles-ci et de se conformer \u00e0 toutes les lois et r\u00e9glementations applicables. L\u2019Utilisateur garantit qu\u2019il a la capacit\u00e9 juridique pour accepter ces Mentions l\u00e9gales.<\/p>\n<p>Si l\u2019Utilisateur n\u2019accepte pas ces Mentions l\u00e9gales, il doit imm\u00e9diatement cesser d\u2019acc\u00e9der et\/ou d\u2019utiliser le Site.<\/p>\n<p>&nbsp;<\/p>\n<h3><strong>Limitation de responsabilit\u00e9<\/strong><\/h3>\n<p>L\u2019utilisation du Site se fait sous l\u2019enti\u00e8re et exclusive responsabilit\u00e9 de l\u2019Utilisateur. En particulier, l\u2019Utilisateur est responsable de respecter les dispositions l\u00e9gales en vertu de sa l\u00e9gislation nationale.<\/p>\n<p>Dans toute la mesure permise par la loi, Adler exclut toute garantie et responsabilit\u00e9 en lien avec le Site et son contenu, notamment en ce qui concerne la disponibilit\u00e9, l\u2019exactitude, la fiabilit\u00e9, l&#8217;actualit\u00e9 ou la conformit\u00e9 l\u00e9gale des informations qui y figurent. Adler d\u00e9cline express\u00e9ment toute responsabilit\u00e9 en cas de dommage direct ou indirect, qu\u2019il soit pr\u00e9visible ou non, subi par un Utilisateur du Site ou des informations qu\u2019il contient.<\/p>\n<p>En particulier, Adler ne garantit pas que le Site est exempt de virus ou qu\u2019il est exact, complet ou \u00e0 jour. Adler ne garantit pas non plus que le Site sera accessible en tout temps et r\u00e9serve express\u00e9ment la possibilit\u00e9 d\u2019en cesser l\u2019exploitation et d\u2019y mettre un terme en tout temps, sans pr\u00e9avis.<\/p>\n<p>Adler ne garantit pas la conformit\u00e9 des photographies des pi\u00e8ces de haute joaillerie figurant sur le Site avec les mod\u00e8les originaux se trouvant dans ses boutiques.<\/p>\n<p>&nbsp;<\/p>\n<h3><strong>Liens vers des sites externes<\/strong><\/h3>\n<p>Le Site peut contenir des liens vers d\u2019autres sites web exploit\u00e9s par des tiers.<\/p>\n<p>L\u2019inclusion de tout lien vers ces sites web de tiers n\u2019implique pas l\u2019approbation par Adler du contenu de ces sites ni aucune forme d\u2019association entre Adler et les exploitants de ces sites. La consultation de ces sites se fait sous la responsabilit\u00e9 exclusive de l\u2019Utilisateur, sans qu&#8217;Adler ne puisse \u00eatre tenu responsable de tout dommage \u00e0 cet \u00e9gard.<\/p>\n<p>&nbsp;<\/p>\n<h3><strong>Propri\u00e9t\u00e9 intellectuelle<\/strong><\/h3>\n<p>Le Site est prot\u00e9g\u00e9 conform\u00e9ment aux r\u00e8gles applicables en mati\u00e8re de propri\u00e9t\u00e9 intellectuelle. En particulier, l\u2019Utilisateur reconna\u00eet et accepte que le Site, la marque ADLER\u00ae, la raison sociale Adler Joailliers SA, les logos, les signes distinctifs, les images et les produits apparaissant sur le Site sont la propri\u00e9t\u00e9 exclusive d\u2019Adler.<\/p>\n<p>Aucune licence ou droit d\u2019utilisation n\u2019est accord\u00e9 \u00e0 l\u2019Utilisateur, en particulier \u00e0 des fins commerciales. Est r\u00e9serv\u00e9 le droit de t\u00e9l\u00e9charger, copier et imprimer tout ou partie du Site pour l\u2019usage personnel et priv\u00e9 de l\u2019Utilisateur.<\/p>\n<p>L\u2019affichage ou la diffusion du Site sur un autre site web, \u00e0 quelque fin que ce soit, est interdite. Tout lien vers le Site provenant d\u2019un autre site\u00a0web est interdit, sauf accord pr\u00e9alable \u00e9crit d\u2019Adler.<\/p>\n<p>La renonciation d\u2019Adler \u00e0 faire valoir ses droits, en particuliers ses droits de propri\u00e9t\u00e9 intellectuelle, \u00e0 la suite de la violation d\u2019une disposition des Mentions l\u00e9gales ne saurait \u00eatre interpr\u00e9t\u00e9e comme une renonciation \u00e0 l\u2019ex\u00e9cution de cette disposition ou de ces droits, ni affecter d\u2019une quelconque mani\u00e8re la validit\u00e9 des Mentions l\u00e9gales, ni \u00eatre interpr\u00e9t\u00e9e comme une renonciation \u00e0 invoquer une autre inex\u00e9cution ou violation.<\/p>\n<p>Rien dans ces Mentions l\u00e9gales ne constitue un transfert des droits de propri\u00e9t\u00e9 intellectuelle d&#8217;Adler.<\/p>\n<p>&nbsp;<\/p>\n<h3><strong>Donn\u00e9es personnelles et autres informations collect\u00e9<\/strong><strong>es par Adler<\/strong> <strong>par le biais du Site<\/strong><\/h3>\n<p>Lorsque l\u2019Utilisateur navigue sur le Site, Adler utilise des technologies de collecte de donn\u00e9es automatis\u00e9es afin de recueillir certaines informations concernant les actions de l\u2019Utilisateur, en particulier les adresses IP et les noms de domaine\u00a0consult\u00e9s par l\u2019Utilisateur, les adresses contenues dans les URL des ressources demand\u00e9es, l\u2019heure de la requ\u00eate, la m\u00e9thode utilis\u00e9e pour envoyer la requ\u00eate au serveur, la taille du fichier obtenu en r\u00e9ponse, le code num\u00e9rique indiquant l\u2019\u00e9tat de la r\u00e9ponse donn\u00e9e par le serveur et d\u2019autres param\u00e8tres relatifs au syst\u00e8me d\u2019exploitation et \u00e0 l\u2019environnement informatique de l\u2019Utilisateur. Ces donn\u00e9es font uniquement l\u2019objet d\u2019une analyse statistique dans le but d\u2019am\u00e9liorer le Site et de mani\u00e8re g\u00e9n\u00e9rale de mener \u00e0 bien les activit\u00e9s d\u2019Adler.<\/p>\n<p>Plus d&#8217;informations sur les donn\u00e9es personnelles de l&#8217;Utilisateur qui sont collect\u00e9es et trait\u00e9es par Adler sont disponibles dans la Politique de Confidentialit\u00e9, publi\u00e9e sur le Site et accessible au lien suivant: <a href=\"\/?page_id=16983\" class=\"broken_link\">https:\/\/adler.ch\/site\/\/footer\/politique-confidentialite\/<\/a>.<\/p>\n<p>&nbsp;<\/p>\n<h3><strong>Utilisation de cookies <\/strong><\/h3>\n<p>Les cookies d\u00e9pos\u00e9s sur le Site servent \u00e0 recueillir des informations sur la fa\u00e7on dont l&#8217;Utilisateur navigue et utilise le Site, afin de permettre \u00e0 Adler de l\u2019am\u00e9liorer. Les cookies permettent notamment de collecter l&#8217;adresse IP de l&#8217;Utilisateur.<\/p>\n<p>Un cookie est une suite d\u2019informations qu\u2019un navigateur peut stocker sur le disque dur de l\u2019Utilisateur et qui aide le Site \u00e0 retrouver des informations sur les pr\u00e9f\u00e9rences de l\u2019Utilisateur. L\u2019Utilisateur peut configurer son navigateur pour refuser tous les cookies et pour indiquer quand un cookie est envoy\u00e9. L&#8217;Utilisateur peut les d\u00e9sactiver par le biais des param\u00e8tres de s\u00e9curit\u00e9 de son navigateur. Certaines parties du Site pourraient ne pas fonctionner correctement si l\u2019Utilisateur refuse les cookies, en particulier ceux qui sont n\u00e9cessaires au fonctionnement du Site.<\/p>\n<p>L\u2019\u00e9mission et l\u2019utilisation de cookies par les r\u00e9seaux sociaux tiers ne rel\u00e8vent pas du contr\u00f4le d\u2019Adler et l\u2019Utilisateur doit se reporter aux informations relatives aux cookies de ces tiers pour s&#8217;informer sur le mode de fonctionnement de leurs cookies.<\/p>\n<p>Pour plus d\u2019informations sur les cookies : <a href=\"https:\/\/www.allaboutcookies.org\/fr\/\">https:\/\/www.allaboutcookies.org\/fr\/<\/a>.<\/p>\n<p>&nbsp;<\/p>\n<h3><strong>Google Analytics<\/strong><\/h3>\n<p>Adler utilise notamment Google Analytics pour faire un suivi anonyme de l\u2019utilisation et de l\u2019activit\u00e9 de l&#8217;Utilisateur sur le Site. Google Analytics est un service d\u2019analyse du web fourni par Google LLC (\u00ab <strong>Google<\/strong> \u00bb). Google Analytics utilise des cookies afin d\u2019analyser la fa\u00e7on dont l\u2019Utilisateur utilise le Site. L\u2019Utilisateur peut consulter le site <a href=\"https:\/\/policies.google.com\/technologies\/partner-sites?hl=fr\">https:\/\/policies.google.com\/technologies\/partner-sites?hl=fr<\/a> afin de savoir comment ses donn\u00e9es sont utilis\u00e9es par Google. L\u2019Utilisateur peut refuser l\u2019utilisation de ces cookies en t\u00e9l\u00e9chargeant et en installant le plug-in du navigateur disponible sur <a href=\"https:\/\/tools.google.com\/dlpage\/gaoptout?hl=fr\">https:\/\/tools.google.com\/dlpage\/gaoptout?hl=fr<\/a>.\u00a0 Un cookie de non-participation sera activ\u00e9 sur l\u2019ordinateur de l\u2019Utilisateur pour emp\u00eacher la future collecte de ses donn\u00e9es personnelles. Des renseignements compl\u00e9mentaires sur les conditions d\u2019utilisation et la confidentialit\u00e9 sont disponibles sur le site <a href=\"https:\/\/www.google.com\/analytics\/terms\/fr.html\">https:\/\/www.google.com\/analytics\/terms\/fr.html<\/a> ou <a href=\"https:\/\/policies.google.com\/?hl=fr&amp;gl=uk\">https:\/\/policies.google.com\/?hl=fr&amp;gl=uk<\/a>.<\/p>\n<p>&nbsp;<\/p>\n<h3><strong>AddThis<\/strong><\/h3>\n<p>Sur notre Site, les fonctionnalit\u00e9s de partage sur les r\u00e9seaux sociaux (\u00ab <strong>plug-ins<\/strong> \u00bb) sont int\u00e9gr\u00e9es par le service de mise en signet AddThis, exploit\u00e9 par Oracle America Inc., 500 Oracle Parkway, Restwood Shores, CA 94065, \u00c9tats-Unis (\u00ab <strong>AddThis<\/strong> \u00bb). Les cookies \u00e9manant d\u2019AddThis permettent \u00e0 l\u2019Utilisateur de partager des contenus du Site avec d\u2019autres personnes ou de faire conna\u00eetre \u00e0 ces personnes sa consultation ou son opinion concernant un contenu du Site via des boutons de partage. L\u2019\u00e9mission et l\u2019utilisation de ces cookies ne rel\u00e8ve pas du contr\u00f4le d\u2019Adler. L\u2019Utilisateur peut d\u00e9sactiver AddThis en suivant les indications donn\u00e9es sur\u00a0 <a href=\"http:\/\/www.addthis.com\/privacy\/opt-out\" class=\"broken_link\">http:\/\/www.addthis.com\/privacy\/opt-out<\/a>. Des renseignements compl\u00e9mentaires sur les conditions d\u2019utilisation et la confidentialit\u00e9 sont disponibles sur le site <a href=\"https:\/\/www.oracle.com\/ch-fr\/legal\/privacy\/addthis-privacy-policy.html\">https:\/\/www.oracle.com\/ch-fr\/legal\/privacy\/addthis-privacy-policy.html<\/a>.<\/p>\n<p>&nbsp;<\/p>\n<h3><strong>S\u00e9curit\u00e9 des donn\u00e9es<\/strong><\/h3>\n<p>Internet constitue un r\u00e9seau ouvert accessible \u00e0 quiconque et n\u2019offre pas un environnement s\u00e9curis\u00e9. Adler utilise des technologies et des mesures de s\u00e9curit\u00e9s standards, des r\u00e8gles et d\u2019autres proc\u00e9dures afin de prot\u00e9ger les donn\u00e9es de tout acc\u00e8s non autoris\u00e9, d\u2019utilisation ill\u00e9gale ou abusive, de divulgation, de perte, de destruction ou d&#8217;endommagement.<\/p>\n<p>Il est de la responsabilit\u00e9 personnelle de l\u2019Utilisateur de s\u2019assurer que l\u2019ordinateur, le t\u00e9l\u00e9phone, ou tout autre terminal utilis\u00e9 sont correctement s\u00e9curis\u00e9s et prot\u00e9g\u00e9s contre des logiciels malveillants tels que des chevaux de Troie, des virus informatiques et des vers. L\u2019Utilisateur est conscient du fait que sans mesures de s\u00e9curit\u00e9 ad\u00e9quates (y compris une configuration s\u00e9curis\u00e9e du navigateur web et un logiciel anti-virus \u00e0 jour), il y a un risque que les donn\u00e9es et mots de passe utilis\u00e9s pour prot\u00e9ger l\u2019acc\u00e8s \u00e0 ses donn\u00e9es soient communiqu\u00e9s \u00e0 des tierces parties non-autoris\u00e9es.<\/p>\n<p>&nbsp;<\/p>\n<h2>2. Dispositions finales<\/h2>\n<h3>Mises \u00e0 jour des Mentions l\u00e9gales<\/h3>\n<p>Adler se r\u00e9serve le droit de modifier \u00e0 tout moment ces Mentions l\u00e9gales, \u00e0 sa seule et enti\u00e8re discr\u00e9tion.<\/p>\n<p>Le fait pour l\u2019Utilisateur de continuer \u00e0 utiliser le Site apr\u00e8s un tel changement constituera son accord \u00e0 un tel changement. Si l\u2019Utilisateur n\u2019accepte pas un tel changement, il doit imm\u00e9diatement cesser d&#8217;utiliser le Site.<\/p>\n<p>L\u2019Utilisateur a la responsabilit\u00e9 de v\u00e9rifier r\u00e9guli\u00e8rement ces Mentions l\u00e9gales dans leur version actuelle et en vigueur. Une version \u00e0 jour de ces Mentions l\u00e9gales peut \u00eatre obtenue en tout temps sur le Site.<\/p>\n<p>&nbsp;<\/p>\n<h3>Interpr\u00e9tation<\/h3>\n<p>Une version de ce texte est disponible en langue anglaise. Cependant, la version fran\u00e7aise pr\u00e9vaut en cas de diff\u00e9rence d&#8217;interpr\u00e9tation.<\/p>\n<h3>For et droit applicable<\/h3>\n<p>Tout litige li\u00e9 \u00e0 l\u2019utilisation du Site et\/ou aux Mentions l\u00e9gales est r\u00e9gi par le droit suisse, \u00e0 l\u2019exclusion des r\u00e8gles en mati\u00e8re de conflit des lois.<\/p>\n<p>Tout litige li\u00e9 \u00e0 l\u2019utilisation du Site et\/ou aux Mentions l\u00e9gales sera soumis \u00e0 la juridiction exclusive des tribunaux du canton de Gen\u00e8ve (Suisse).<\/p>\n<\/div>\n<\/div>\n<p>&nbsp;<\/p>\n<div class=\"col-sm-6 col first\">\n<div id=\"c594\" class=\"csc-default first\">\n<p><span class=\"s1\"><i>Date d\u2019\u00e9mission : 8 juin 2021<\/i><\/span><\/p>\n<\/div>\n<\/div>\n<!-- AddThis Advanced Settings generic via filter on the_content --><!-- AddThis Share Buttons generic via filter on the_content -->","protected":false},"excerpt":{"rendered":"<p>d\u00e9couvrez nos mentions l\u00e9gales<\/p>\n","protected":false},"author":13,"featured_media":0,"parent":757,"menu_order":0,"comment_status":"closed","ping_status":"closed","template":"page-std.php","meta":{"inline_featured_image":false},"acf":[],"yoast_head":"<!-- This site is optimized with the Yoast SEO plugin v20.4 - https:\/\/yoast.com\/wordpress\/plugins\/seo\/ -->\n<title>Mentions l\u00e9gales et information relative aux cookies - La Maison Adler Joailliers - Gen\u00e8ve, Suisse<\/title>\n<meta name=\"description\" content=\"Mentions l\u00e9gales: Le site web www.adler.ch\/site\/ est d\u00e9tenu et exploit\u00e9 par la soci\u00e9t\u00e9 Adler Joailliers SA, sise 23, rue du Rh\u00f4ne, 1204 Gen\u00e8ve, Suisse.\" \/>\n<meta name=\"robots\" content=\"noindex, follow, max-snippet:-1, max-image-preview:large, max-video-preview:-1\" \/>\n<meta property=\"og:locale\" content=\"fr_FR\" \/>\n<meta property=\"og:type\" content=\"article\" \/>\n<meta property=\"og:title\" content=\"Mentions l\u00e9gales et information relative aux cookies - La Maison Adler Joailliers - Gen\u00e8ve, Suisse\" \/>\n<meta property=\"og:description\" content=\"Mentions l\u00e9gales: Le site web www.adler.ch\/site\/ est d\u00e9tenu et exploit\u00e9 par la soci\u00e9t\u00e9 Adler Joailliers SA, sise 23, rue du Rh\u00f4ne, 1204 Gen\u00e8ve, Suisse.\" \/>\n<meta property=\"og:url\" content=\"https:\/\/adler.ch\/site\/footer\/mentions-legales\/\" \/>\n<meta property=\"og:site_name\" content=\"Adler Joailliers\" \/>\n<meta property=\"article:publisher\" content=\"https:\/\/www.facebook.com\/adlerjoailliers\/\" \/>\n<meta property=\"article:modified_time\" content=\"2021-06-08T12:28:39+00:00\" \/>\n<meta name=\"twitter:card\" content=\"summary_large_image\" \/>\n<meta name=\"twitter:label1\" content=\"Est. reading time\" \/>\n\t<meta name=\"twitter:data1\" content=\"9 minutes\" \/>\n<script type=\"application\/ld+json\" class=\"yoast-schema-graph\">{\"@context\":\"https:\/\/schema.org\",\"@graph\":[{\"@type\":\"WebPage\",\"@id\":\"https:\/\/adler.ch\/site\/footer\/mentions-legales\/\",\"url\":\"https:\/\/adler.ch\/site\/footer\/mentions-legales\/\",\"name\":\"Mentions l\u00e9gales et information relative aux cookies - La Maison Adler Joailliers - Gen\u00e8ve, Suisse\",\"isPartOf\":{\"@id\":\"https:\/\/adler.ch\/site\/#website\"},\"datePublished\":\"2017-08-15T02:39:24+00:00\",\"dateModified\":\"2021-06-08T12:28:39+00:00\",\"description\":\"Mentions l\u00e9gales: Le site web www.adler.ch\/site\/ est d\u00e9tenu et exploit\u00e9 par la soci\u00e9t\u00e9 Adler Joailliers SA, sise 23, rue du Rh\u00f4ne, 1204 Gen\u00e8ve, Suisse.\",\"breadcrumb\":{\"@id\":\"https:\/\/adler.ch\/site\/footer\/mentions-legales\/#breadcrumb\"},\"inLanguage\":\"fr\",\"potentialAction\":[{\"@type\":\"ReadAction\",\"target\":[\"https:\/\/adler.ch\/site\/footer\/mentions-legales\/\"]}]},{\"@type\":\"BreadcrumbList\",\"@id\":\"https:\/\/adler.ch\/site\/footer\/mentions-legales\/#breadcrumb\",\"itemListElement\":[{\"@type\":\"ListItem\",\"position\":1,\"name\":\"Home\",\"item\":\"https:\/\/adler.ch\/site\/\"},{\"@type\":\"ListItem\",\"position\":2,\"name\":\"Footer\",\"item\":\"https:\/\/adler.ch\/site\/footer\/\"},{\"@type\":\"ListItem\",\"position\":3,\"name\":\"Mentions l\u00e9gales et information relative aux cookies\"}]},{\"@type\":\"WebSite\",\"@id\":\"https:\/\/adler.ch\/site\/#website\",\"url\":\"https:\/\/adler.ch\/site\/\",\"name\":\"Adler Joailliers\",\"description\":\"High Jewellery since 1886\",\"potentialAction\":[{\"@type\":\"SearchAction\",\"target\":{\"@type\":\"EntryPoint\",\"urlTemplate\":\"https:\/\/adler.ch\/site\/?s={search_term_string}\"},\"query-input\":\"required name=search_term_string\"}],\"inLanguage\":\"fr\"}]}<\/script>\n<!-- \/ Yoast SEO plugin. -->","yoast_head_json":{"title":"Mentions l\u00e9gales et information relative aux cookies - La Maison Adler Joailliers - Gen\u00e8ve, Suisse","description":"Mentions l\u00e9gales: Le site web www.adler.ch\/site\/ est d\u00e9tenu et exploit\u00e9 par la soci\u00e9t\u00e9 Adler Joailliers SA, sise 23, rue du Rh\u00f4ne, 1204 Gen\u00e8ve, Suisse.","robots":{"index":"noindex","follow":"follow","max-snippet":"max-snippet:-1","max-image-preview":"max-image-preview:large","max-video-preview":"max-video-preview:-1"},"og_locale":"fr_FR","og_type":"article","og_title":"Mentions l\u00e9gales et information relative aux cookies - La Maison Adler Joailliers - Gen\u00e8ve, Suisse","og_description":"Mentions l\u00e9gales: Le site web www.adler.ch\/site\/ est d\u00e9tenu et exploit\u00e9 par la soci\u00e9t\u00e9 Adler Joailliers SA, sise 23, rue du Rh\u00f4ne, 1204 Gen\u00e8ve, Suisse.","og_url":"https:\/\/adler.ch\/site\/footer\/mentions-legales\/","og_site_name":"Adler Joailliers","article_publisher":"https:\/\/www.facebook.com\/adlerjoailliers\/","article_modified_time":"2021-06-08T12:28:39+00:00","twitter_card":"summary_large_image","twitter_misc":{"Est. reading time":"9 minutes"},"schema":{"@context":"https:\/\/schema.org","@graph":[{"@type":"WebPage","@id":"https:\/\/adler.ch\/site\/footer\/mentions-legales\/","url":"https:\/\/adler.ch\/site\/footer\/mentions-legales\/","name":"Mentions l\u00e9gales et information relative aux cookies - La Maison Adler Joailliers - Gen\u00e8ve, Suisse","isPartOf":{"@id":"https:\/\/adler.ch\/site\/#website"},"datePublished":"2017-08-15T02:39:24+00:00","dateModified":"2021-06-08T12:28:39+00:00","description":"Mentions l\u00e9gales: Le site web www.adler.ch\/site\/ est d\u00e9tenu et exploit\u00e9 par la soci\u00e9t\u00e9 Adler Joailliers SA, sise 23, rue du Rh\u00f4ne, 1204 Gen\u00e8ve, Suisse.","breadcrumb":{"@id":"https:\/\/adler.ch\/site\/footer\/mentions-legales\/#breadcrumb"},"inLanguage":"fr","potentialAction":[{"@type":"ReadAction","target":["https:\/\/adler.ch\/site\/footer\/mentions-legales\/"]}]},{"@type":"BreadcrumbList","@id":"https:\/\/adler.ch\/site\/footer\/mentions-legales\/#breadcrumb","itemListElement":[{"@type":"ListItem","position":1,"name":"Home","item":"https:\/\/adler.ch\/site\/"},{"@type":"ListItem","position":2,"name":"Footer","item":"https:\/\/adler.ch\/site\/footer\/"},{"@type":"ListItem","position":3,"name":"Mentions l\u00e9gales et information relative aux cookies"}]},{"@type":"WebSite","@id":"https:\/\/adler.ch\/site\/#website","url":"https:\/\/adler.ch\/site\/","name":"Adler Joailliers","description":"High Jewellery since 1886","potentialAction":[{"@type":"SearchAction","target":{"@type":"EntryPoint","urlTemplate":"https:\/\/adler.ch\/site\/?s={search_term_string}"},"query-input":"required name=search_term_string"}],"inLanguage":"fr"}]}},"_links":{"self":[{"href":"https:\/\/adler.ch\/site\/wp-json\/wp\/v2\/pages\/769"}],"collection":[{"href":"https:\/\/adler.ch\/site\/wp-json\/wp\/v2\/pages"}],"about":[{"href":"https:\/\/adler.ch\/site\/wp-json\/wp\/v2\/types\/page"}],"author":[{"embeddable":true,"href":"https:\/\/adler.ch\/site\/wp-json\/wp\/v2\/users\/13"}],"replies":[{"embeddable":true,"href":"https:\/\/adler.ch\/site\/wp-json\/wp\/v2\/comments?post=769"}],"version-history":[{"count":28,"href":"https:\/\/adler.ch\/site\/wp-json\/wp\/v2\/pages\/769\/revisions"}],"predecessor-version":[{"id":17007,"href":"https:\/\/adler.ch\/site\/wp-json\/wp\/v2\/pages\/769\/revisions\/17007"}],"up":[{"embeddable":true,"href":"https:\/\/adler.ch\/site\/wp-json\/wp\/v2\/pages\/757"}],"wp:attachment":[{"href":"https:\/\/adler.ch\/site\/wp-json\/wp\/v2\/media?parent=769"}],"curies":[{"name":"wp","href":"https:\/\/api.w.org\/{rel}","templated":true}]}}