{"id":16983,"date":"2021-06-08T11:57:41","date_gmt":"2021-06-08T11:57:41","guid":{"rendered":"http:\/\/adler.ch\/site\/\/?page_id=16983"},"modified":"2021-06-08T12:29:11","modified_gmt":"2021-06-08T12:29:11","slug":"politique-confidentialite","status":"publish","type":"page","link":"https:\/\/adler.ch\/site\/footer\/politique-confidentialite\/","title":{"rendered":"Politique de confidentialit\u00e9"},"content":{"rendered":"<h3>1.\u00a0\u00a0\u00a0\u00a0\u00a0\u00a0\u00a0\u00a0\u00a0 Champ d\u2019application<\/h3>\n<p>La pr\u00e9sente Politique de Confidentialit\u00e9 s\u2019applique aux donn\u00e9es personnelles collect\u00e9es (i) aupr\u00e8s des clients d&#8217;Adler en boutique et (ii) sur les utilisateurs du site internet <a href=\"http:\/\/www.adler.ch\/site\/\/\">www.adler.ch\/site\/<\/a> (le &#8220;<strong>Site<\/strong>&#8220;), ci-apr\u00e8s les &#8220;<strong>Personnes Concern\u00e9es<\/strong>&#8220;. La Politique de Confidentialit\u00e9 a pour but d&#8217;informer les Personnes Concern\u00e9es sur le type de donn\u00e9es personnelles collect\u00e9es par Adler, de la nature et des buts du traitement de ces donn\u00e9es personnelles et des droits des Personnes Concern\u00e9es dans ce contexte.<\/p>\n<p>&#8220;<strong>Adler<\/strong>&#8221; d\u00e9signe la soci\u00e9t\u00e9 Adler Joailliers SA, dont le si\u00e8ge se trouve rue du Rh\u00f4ne 23, 1204 Gen\u00e8ve, ainsi que toutes les entit\u00e9s du groupe Adler.<\/p>\n<p>&nbsp;<\/p>\n<h3>2.\u00a0\u00a0\u00a0\u00a0\u00a0\u00a0\u00a0\u00a0\u00a0 Donn\u00e9es personnelles collect\u00e9es par Adler<\/h3>\n<p>On entend par &#8220;<strong>Donn\u00e9es Personnelles<\/strong>&#8221; toutes les informations concernant une personne physique identifi\u00e9e ou identifiable (par ex: nom, pr\u00e9nom, adresse, adresse email).<\/p>\n<p>Adler collecte les Donn\u00e9es Personnelles suivantes, lors de la cr\u00e9ation d&#8217;un compte-client en boutique ou sur le Site, lors de l&#8217;utilisation du Site, lors du suivi de commandes ou lors de ses \u00e9changes avec les Personnes Concern\u00e9es (par exemple lorsque des questions sont pos\u00e9es sur le Site). Certaines Donn\u00e9es Personnelles peuvent \u00e9galement \u00eatre collect\u00e9es indirectement par le biais de sources externes, en particulier publiques (par exemple des publications ou des bases de donn\u00e9es).<\/p>\n<p>Les Donn\u00e9es Personnelles comprennent:<\/p>\n<ul>\n<li>Donn\u00e9es de contact: nom, pr\u00e9nom, adresse postale, adresse de facturation, adresse email, num\u00e9ro de t\u00e9l\u00e9phone, date de naissance;<\/li>\n<li>Informations professionnelles (p.ex. emploi);<\/li>\n<li>Donn\u00e9es financi\u00e8res: coordonn\u00e9es bancaires et d\u00e9tails de facturation;<\/li>\n<li>Adresse IP (lors de l&#8217;utilisation du Site): voir \u00e0 ce sujet les Mentions l\u00e9gales et information relative aux cookies disponibles au lien suivant: <a href=\"\/?page_id=769\" class=\"broken_link\">https:\/\/adler.ch\/site\/\/footer\/mentions-legales\/<\/a>.<\/li>\n<\/ul>\n<p>&nbsp;<\/p>\n<h3>3.\u00a0\u00a0\u00a0\u00a0\u00a0\u00a0\u00a0\u00a0\u00a0 Le but et les bases l\u00e9gales du traitement des Donn\u00e9es Personnelles<\/h3>\n<p>Le traitement de Donn\u00e9es Personnelles inclus la collecte, l\u2019enregistrement, la conservation, l\u2019utilisation, la modification, la communication, l\u2019archivage, l\u2019effacement ou la destruction de donn\u00e9es.<\/p>\n<p>De mani\u00e8re g\u00e9n\u00e9rale, Adler collecte et traite les Donn\u00e9es Personnelles dans le cadre de ses activit\u00e9s professionnelles, y compris l&#8217;accomplissement de ses obligations l\u00e9gales ou r\u00e9glementaires, (ci-apr\u00e8s les &#8220;<strong>Finalit\u00e9s<\/strong>&#8220;) et selon les bases l\u00e9gales \u00e9nonc\u00e9es ci-dessous :<\/p>\n<ul>\n<li>Dans le cadre de l&#8217;ex\u00e9cution et de la gestion de la relation contractuelle entre Adler et la Personne Concern\u00e9e, et en particulier aux fins suivantes:\n<ul>\n<li>Cr\u00e9ation et gestion du compte-client;<\/li>\n<li>Traitement et suivi de commandes ou de r\u00e9parations;<\/li>\n<li>Fourniture d&#8217;informations en lien avec les produits d&#8217;Adler;<\/li>\n<li>Autres traitements li\u00e9s \u00e0 l&#8217;ex\u00e9cution et la gestion de la relation contractuelle.<\/li>\n<\/ul>\n<\/li>\n<\/ul>\n<ul>\n<li>Dans le cadre de l&#8217;ex\u00e9cution d&#8217;obligations l\u00e9gales et r\u00e8glementaires, lesquelles peuvent provenir de lois d&#8217;autres pays que celui de r\u00e9sidence de la Personne Concern\u00e9e, et en particulier aux fins suivantes:\n<ul>\n<li>V\u00e9rifications li\u00e9es \u00e0 la lutte contre le blanchiment d&#8217;argent et le financement du terrorisme;<\/li>\n<li>Fourniture d&#8217;informations requises par les autorit\u00e9s douani\u00e8res dans le cadre du traitement d&#8217;une commande;<\/li>\n<li>R\u00e9ponse \u00e0 une demande d\u2019une autorit\u00e9 judiciaire ou administrative;<\/li>\n<li>Obligations applicables en mati\u00e8re de d\u00e9claration de transactions.<\/li>\n<\/ul>\n<\/li>\n<\/ul>\n<ul>\n<li>Dans le cadre de la poursuite des int\u00e9r\u00eats l\u00e9gitimes d&#8217;Adler et en particulier aux fins suivantes:\n<ul>\n<li>Gestion du Site et de l&#8217;infrastructure informatique;<\/li>\n<li>Maintenance et s\u00e9curit\u00e9 des locaux et infrastructures;<\/li>\n<li>Envoi d&#8217;offres et de publicit\u00e9s en lien avec les produits ou services d&#8217;Adler;<\/li>\n<li>Analyse, \u00e9valuation et am\u00e9lioration de la qualit\u00e9 du service-clients;<\/li>\n<li>Analyse et anticipation des habitudes de consommation, comportements, int\u00e9r\u00eats et pr\u00e9f\u00e9rences personnelles des Personnes Concern\u00e9es (profilage), notamment pour la configuration de publicit\u00e9s cibl\u00e9es;<\/li>\n<li>Personnalisation de l&#8217;offre de produits et services;<\/li>\n<li>Constatation, exercice ou d\u00e9fense d&#8217;un droit en justice.<\/li>\n<\/ul>\n<\/li>\n<\/ul>\n<ul>\n<li>Sur la base du consentement de la Personne Concern\u00e9e pour tout traitement de Donn\u00e9es Personnelles qui ne peut \u00eatre bas\u00e9 sur les Finalit\u00e9s ci-dessus, en particulier aux fins suivantes:\n<ul>\n<li>Invitation \u00e0 des \u00e9v\u00e9nements organis\u00e9s par Adler;<\/li>\n<li>Envoi de newsletters d&#8217;Adler; et<\/li>\n<li>Pour tout autre Finalit\u00e9 pour laquelle la Personne Concern\u00e9e a donn\u00e9 son consentement.<\/li>\n<\/ul>\n<\/li>\n<\/ul>\n<p>La Personne Concern\u00e9e peut retirer son consentement en tout temps. Toutefois, son consentement demeure valable pour tout traitement de Donn\u00e9es Personnelles effectu\u00e9 ant\u00e9rieurement au retrait de son consentement.<\/p>\n<p>Lorsque les Personnes Concern\u00e9es autorisent un r\u00e9seau social (comme Facebook, Instagram, etc.) \u00e0 partager des donn\u00e9es personnelles avec Adler, Adler peut recevoir les donn\u00e9es personnelles que les Personnes Concern\u00e9es partagent publiquement sur ce r\u00e9seau social, telles que des informations de contact (par exemple le nom, l\u2019adresse \u00e9lectronique, le sexe, la liste d\u2019amis ou de contacts) ou des informations qu&#8217;elles publient sur leur profil (par exemple l\u2019image de profil ou les pr\u00e9f\u00e9rences).<\/p>\n<p>&nbsp;<\/p>\n<h3>4.\u00a0\u00a0\u00a0\u00a0\u00a0\u00a0\u00a0\u00a0\u00a0 Partage des Donn\u00e9es Personnelles et transmission \u00e0 l\u2019\u00e9tranger<\/h3>\n<p>Adler peut partager les Donn\u00e9es Personnelles fournies par les Personnes Concern\u00e9es avec les entit\u00e9s du groupe Adler, ses sous-traitants ou partenaires commerciaux pour effectuer des op\u00e9rations li\u00e9es \u00e0 la fourniture de ses produits et services, \u00e0 la gestion du Site, ou de mani\u00e8re plus g\u00e9n\u00e9rale aux activit\u00e9s d&#8217;Adler.<\/p>\n<p>En particulier, Adler transmet les Donn\u00e9es Personnelles des Personnes Concern\u00e9es aux cat\u00e9gories de destinataires suivants:<\/p>\n<ul>\n<li>H\u00e9bergeur du Site, prestataires de services informatiques, de paiement et de stockage de donn\u00e9es;<\/li>\n<li>Prestataires de services de communication (par exemple en lien avec la gestion de la newsletter d&#8217;Adler et des r\u00e9seaux sociaux utilis\u00e9s par Adler), d&#8217;\u00e9v\u00e8nementiel, de marketing ou autres services en lien avec la gestion de la client\u00e8le d&#8217;Adler;<\/li>\n<li>Prestataires de services d&#8217;entretien ou de r\u00e9paration des produits d&#8217;Adler;<\/li>\n<li>Autorit\u00e9s judiciaires ou administratives, sur demande et dans la mesure o\u00f9 la loi le permet.<\/li>\n<\/ul>\n<p>Les Donn\u00e9es Personnelles sont principalement trait\u00e9es en Suisse ou dans l\u2019Union europ\u00e9enne. Lorsqu&#8217;Adler transf\u00e8re les Donn\u00e9es Personnelles vers un pays qui n&#8217;a pas \u00e9t\u00e9 reconnu comme fournissant un niveau de conformit\u00e9 ad\u00e9quat en mati\u00e8re de protection des donn\u00e9es par l&#8217;autorit\u00e9 comp\u00e9tente, Adler met en oeuvre les garanties suppl\u00e9mentaires n\u00e9cessaires au respect des droits des Personnes Concern\u00e9es, telles que la mise en place de clauses contractuelles standard applicables au transfert.<\/p>\n<p>Les Personnes Concern\u00e9es peuvent obtenir des informations compl\u00e9mentaires concernant le transfert de leurs Donn\u00e9es Personnelles (notamment les destinataires, les pays de destination et les garanties mises en place) en contactant Adler \u00e0 l&#8217;adresse fournie \u00e0 la Section 7 ci-dessous.<\/p>\n<p>&nbsp;<\/p>\n<h3>5.\u00a0\u00a0\u00a0\u00a0\u00a0\u00a0\u00a0\u00a0\u00a0 S\u00e9curit\u00e9 des donn\u00e9es<\/h3>\n<p>Internet constitue un r\u00e9seau ouvert accessible \u00e0 quiconque et n\u2019offre pas un environnement s\u00e9curis\u00e9. Adler utilise des technologies et des mesures de s\u00e9curit\u00e9s standards afin de prot\u00e9ger les Donn\u00e9es Personnelles de tout acc\u00e8s non autoris\u00e9, d\u2019utilisation ill\u00e9gale ou abusive, de divulgation, de perte, de destruction ou d&#8217;endommagement. Les Donn\u00e9es Personnelles peuvent \u00eatre stock\u00e9es sur les syst\u00e8mes technologiques ou fichiers papiers d&#8217;Adler ou sur ceux des sous-traitants d&#8217;Adler.<\/p>\n<p>&nbsp;<\/p>\n<h3>6.\u00a0\u00a0\u00a0\u00a0\u00a0\u00a0\u00a0\u00a0\u00a0 Dur\u00e9e de conservation des Donn\u00e9es Personnelles<\/h3>\n<p>En principe, Adler conserve les Donn\u00e9es Personnelles aussi longtemps qu&#8217;Adler en a besoin pour atteindre les Finalit\u00e9s ou jusqu&#8217;\u00e0 ce que la Personne Concern\u00e9e retire son consentement, ou exerce son droit \u00e0 l&#8217;effacement, \u00e0 condition qu&#8217;Adler ne soit pas l\u00e9galement tenue ou autoris\u00e9e \u00e0 continuer \u00e0 d\u00e9tenir ces Donn\u00e9es Personnelles (par exemple pour faire constater, exercer et\/ou d\u00e9fendre des droits dans le cadre d&#8217;actions en justice, d&#8217;enqu\u00eates ou de proc\u00e9dures similaires).<\/p>\n<p>Les Personnes Concern\u00e9es peuvent obtenir des informations compl\u00e9mentaires concernant la dur\u00e9e de conservation de leurs Donn\u00e9es Personnelles, ou les crit\u00e8res utilis\u00e9s pour d\u00e9terminer cette dur\u00e9e, en contactant Adler \u00e0 l&#8217;adresse fournie \u00e0 la Section 7 ci-dessous.<\/p>\n<p>&nbsp;<\/p>\n<h3>7.\u00a0\u00a0\u00a0\u00a0\u00a0\u00a0\u00a0\u00a0\u00a0 Droits des Personnes Concern\u00e9es et contact<\/h3>\n<p>Les Personnes Concern\u00e9es disposent en tout temps des droits suivants, sous r\u00e9serve des limitations pr\u00e9vues par la r\u00e9glementation applicable:<\/p>\n<ul>\n<li>Droit d\u2019acc\u00e9der \u00e0 leurs Donn\u00e9es Personnelles et d&#8217;en obtenir une copie;<\/li>\n<li>Droit de faire rectifier ou de demander l&#8217;effacement de leurs Donn\u00e9es Personnelles lorsqu\u2019elles sont inexactes ou incompl\u00e8tes;<\/li>\n<li>Droit de demander l\u2019effacement de leurs Donn\u00e9es Personnelles quand elles ne sont plus n\u00e9cessaires au regard des Finalit\u00e9s pour lesquelles elles ont \u00e9t\u00e9 collect\u00e9es ou trait\u00e9es ou lorsque la Personne Concern\u00e9e retire le consentement n\u00e9cessaire au traitement;<\/li>\n<li>Droit de s\u2019opposer pour un motif l\u00e9gitime au traitement de leurs Donn\u00e9es Personnelles et droit de s&#8217;opposer \u00e0 tout moment au traitement de leurs Donn\u00e9es Personnelles \u00e0 des fins de prospection, y compris au profilage qui y est li\u00e9;<\/li>\n<li>Droit de demander la limitation du traitement de leurs Donn\u00e9es Personnelles;<\/li>\n<li>Droit de retirer \u00e0 tout moment le consentement qu&#8217;elles ont donn\u00e9 pour le traitement de leurs Donn\u00e9es Personnelles;<\/li>\n<li>Droit d&#8217;obtenir les Donn\u00e9es Personnelles qu&#8217;elles ont fournies, sous un format \u00e9lectronique couramment utilis\u00e9; et<\/li>\n<li>Droit de d\u00e9poser une plainte aupr\u00e8s des autorit\u00e9s de contr\u00f4le comp\u00e9tentes concernant le traitement de leurs Donn\u00e9es Personnelles.<\/li>\n<\/ul>\n<p>M\u00eame si une Personne Concern\u00e9e s&#8217;oppose au traitement de ses Donn\u00e9es Personnelles, Adler est autoris\u00e9 \u00e0 le poursuivre si le traitement est (i) exig\u00e9 par la loi, (ii) n\u00e9cessaire \u00e0 l\u2019ex\u00e9cution d\u2019un contrat auquel la Personne Concern\u00e9e est partie, (iii) n\u00e9cessaire \u00e0 l\u2019ex\u00e9cution d\u2019une t\u00e2che effectu\u00e9e \u00e0 des fins d\u2019int\u00e9r\u00eat public, ou (iv) n\u00e9cessaire aux int\u00e9r\u00eats l\u00e9gitimes et pr\u00e9pond\u00e9rants d&#8217;Adler, y compris le constat, l\u2019exercice ou la d\u00e9fense de pr\u00e9tentions juridiques. Adler n&#8217;utilisera pas les Donn\u00e9es Personnelles des Personnes Concern\u00e9es \u00e0 des fins de marketing direct si celles-ci s&#8217;y opposent.<\/p>\n<p>Pour toute question concernant cette Politique de Confidentialit\u00e9, ainsi que pour l&#8217;exercice des droits mentionn\u00e9s ci-dessus, les Personnes Concern\u00e9es peuvent contacter le D\u00e9l\u00e9gu\u00e9 \u00e0 la Protection des Donn\u00e9es d&#8217;Adler \u00e0 l&#8217;adresse \u00e9lectronique suivante : dpo@adler.ch\/site\/, ou par courrier ordinaire \u00e0 l\u2019adresse suivante : D\u00e9l\u00e9gu\u00e9 \u00e0 la Protection des Donn\u00e9es, Adler Joailliers SA, 23, rue du Rh\u00f4ne, 1204 Gen\u00e8ve, Suisse.<\/p>\n<p>&nbsp;<\/p>\n<h3>8.\u00a0\u00a0\u00a0\u00a0\u00a0\u00a0\u00a0\u00a0\u00a0 Mises \u00e0 jour de la Politique de Confidentialit\u00e9<\/h3>\n<p>Adler se r\u00e9serve le droit de modifier \u00e0 tout moment la Politique de Confidentialit\u00e9. La derni\u00e8re version \u00e0 jour de la Politique de Confidentialit\u00e9 est publi\u00e9e sur le Site et Adler informe les Personnes Concern\u00e9es de toutes modifications importantes selon les moyens de communication habituels (ex: email, t\u00e9l\u00e9phone).<\/p>\n<p>&nbsp;<\/p>\n<h3>9.\u00a0\u00a0\u00a0\u00a0\u00a0\u00a0\u00a0\u00a0\u00a0 Interpr\u00e9tation<\/h3>\n<p>Une version de la Politique de Confidentialit\u00e9 est disponible en langue anglaise. Cependant, la version fran\u00e7aise pr\u00e9vaut en cas de diff\u00e9rence d&#8217;interpr\u00e9tation.<\/p>\n<p>&nbsp;<\/p>\n<p><i>Date d\u2019\u00e9mission : 8 juin 2021<\/i><\/p>\n<!-- AddThis Advanced Settings generic via filter on the_content --><!-- AddThis Share Buttons generic via filter on the_content -->","protected":false},"excerpt":{"rendered":"<p>d\u00e9couvrez nos mentions l\u00e9gales<\/p>\n","protected":false},"author":20,"featured_media":0,"parent":757,"menu_order":0,"comment_status":"closed","ping_status":"closed","template":"page-std.php","meta":{"inline_featured_image":false},"acf":[],"yoast_head":"<!-- This site is optimized with the Yoast SEO plugin v20.4 - https:\/\/yoast.com\/wordpress\/plugins\/seo\/ -->\n<title>Politique de confidentialit\u00e9 - La Maison Adler Joailliers - Gen\u00e8ve, Suisse<\/title>\n<meta name=\"description\" content=\"La Politique de Confidentialit\u00e9 s\u2019applique aux donn\u00e9es personnelles collect\u00e9es aupr\u00e8s des clients d&#039;Adler en boutique et sur le site internet.\" \/>\n<meta name=\"robots\" content=\"noindex, follow, max-snippet:-1, max-image-preview:large, max-video-preview:-1\" \/>\n<meta property=\"og:locale\" content=\"fr_FR\" \/>\n<meta property=\"og:type\" content=\"article\" \/>\n<meta property=\"og:title\" content=\"Politique de confidentialit\u00e9 - La Maison Adler Joailliers - Gen\u00e8ve, Suisse\" \/>\n<meta property=\"og:description\" content=\"La Politique de Confidentialit\u00e9 s\u2019applique aux donn\u00e9es personnelles collect\u00e9es aupr\u00e8s des clients d&#039;Adler en boutique et sur le site internet.\" \/>\n<meta property=\"og:url\" content=\"https:\/\/adler.ch\/site\/footer\/politique-confidentialite\/\" \/>\n<meta property=\"og:site_name\" content=\"Adler Joailliers\" \/>\n<meta property=\"article:publisher\" content=\"https:\/\/www.facebook.com\/adlerjoailliers\/\" \/>\n<meta property=\"article:modified_time\" content=\"2021-06-08T12:29:11+00:00\" \/>\n<meta name=\"twitter:card\" content=\"summary_large_image\" \/>\n<meta name=\"twitter:label1\" content=\"Est. reading time\" \/>\n\t<meta name=\"twitter:data1\" content=\"9 minutes\" \/>\n<script type=\"application\/ld+json\" class=\"yoast-schema-graph\">{\"@context\":\"https:\/\/schema.org\",\"@graph\":[{\"@type\":\"WebPage\",\"@id\":\"https:\/\/adler.ch\/site\/footer\/politique-confidentialite\/\",\"url\":\"https:\/\/adler.ch\/site\/footer\/politique-confidentialite\/\",\"name\":\"Politique de confidentialit\u00e9 - La Maison Adler Joailliers - Gen\u00e8ve, Suisse\",\"isPartOf\":{\"@id\":\"https:\/\/adler.ch\/site\/#website\"},\"datePublished\":\"2021-06-08T11:57:41+00:00\",\"dateModified\":\"2021-06-08T12:29:11+00:00\",\"description\":\"La Politique de Confidentialit\u00e9 s\u2019applique aux donn\u00e9es personnelles collect\u00e9es aupr\u00e8s des clients d'Adler en boutique et sur le site internet.\",\"breadcrumb\":{\"@id\":\"https:\/\/adler.ch\/site\/footer\/politique-confidentialite\/#breadcrumb\"},\"inLanguage\":\"fr\",\"potentialAction\":[{\"@type\":\"ReadAction\",\"target\":[\"https:\/\/adler.ch\/site\/footer\/politique-confidentialite\/\"]}]},{\"@type\":\"BreadcrumbList\",\"@id\":\"https:\/\/adler.ch\/site\/footer\/politique-confidentialite\/#breadcrumb\",\"itemListElement\":[{\"@type\":\"ListItem\",\"position\":1,\"name\":\"Home\",\"item\":\"https:\/\/adler.ch\/site\/\"},{\"@type\":\"ListItem\",\"position\":2,\"name\":\"Footer\",\"item\":\"https:\/\/adler.ch\/site\/footer\/\"},{\"@type\":\"ListItem\",\"position\":3,\"name\":\"Politique de confidentialit\u00e9\"}]},{\"@type\":\"WebSite\",\"@id\":\"https:\/\/adler.ch\/site\/#website\",\"url\":\"https:\/\/adler.ch\/site\/\",\"name\":\"Adler Joailliers\",\"description\":\"High Jewellery since 1886\",\"potentialAction\":[{\"@type\":\"SearchAction\",\"target\":{\"@type\":\"EntryPoint\",\"urlTemplate\":\"https:\/\/adler.ch\/site\/?s={search_term_string}\"},\"query-input\":\"required name=search_term_string\"}],\"inLanguage\":\"fr\"}]}<\/script>\n<!-- \/ Yoast SEO plugin. -->","yoast_head_json":{"title":"Politique de confidentialit\u00e9 - La Maison Adler Joailliers - Gen\u00e8ve, Suisse","description":"La Politique de Confidentialit\u00e9 s\u2019applique aux donn\u00e9es personnelles collect\u00e9es aupr\u00e8s des clients d'Adler en boutique et sur le site internet.","robots":{"index":"noindex","follow":"follow","max-snippet":"max-snippet:-1","max-image-preview":"max-image-preview:large","max-video-preview":"max-video-preview:-1"},"og_locale":"fr_FR","og_type":"article","og_title":"Politique de confidentialit\u00e9 - La Maison Adler Joailliers - Gen\u00e8ve, Suisse","og_description":"La Politique de Confidentialit\u00e9 s\u2019applique aux donn\u00e9es personnelles collect\u00e9es aupr\u00e8s des clients d'Adler en boutique et sur le site internet.","og_url":"https:\/\/adler.ch\/site\/footer\/politique-confidentialite\/","og_site_name":"Adler Joailliers","article_publisher":"https:\/\/www.facebook.com\/adlerjoailliers\/","article_modified_time":"2021-06-08T12:29:11+00:00","twitter_card":"summary_large_image","twitter_misc":{"Est. reading time":"9 minutes"},"schema":{"@context":"https:\/\/schema.org","@graph":[{"@type":"WebPage","@id":"https:\/\/adler.ch\/site\/footer\/politique-confidentialite\/","url":"https:\/\/adler.ch\/site\/footer\/politique-confidentialite\/","name":"Politique de confidentialit\u00e9 - La Maison Adler Joailliers - Gen\u00e8ve, Suisse","isPartOf":{"@id":"https:\/\/adler.ch\/site\/#website"},"datePublished":"2021-06-08T11:57:41+00:00","dateModified":"2021-06-08T12:29:11+00:00","description":"La Politique de Confidentialit\u00e9 s\u2019applique aux donn\u00e9es personnelles collect\u00e9es aupr\u00e8s des clients d'Adler en boutique et sur le site internet.","breadcrumb":{"@id":"https:\/\/adler.ch\/site\/footer\/politique-confidentialite\/#breadcrumb"},"inLanguage":"fr","potentialAction":[{"@type":"ReadAction","target":["https:\/\/adler.ch\/site\/footer\/politique-confidentialite\/"]}]},{"@type":"BreadcrumbList","@id":"https:\/\/adler.ch\/site\/footer\/politique-confidentialite\/#breadcrumb","itemListElement":[{"@type":"ListItem","position":1,"name":"Home","item":"https:\/\/adler.ch\/site\/"},{"@type":"ListItem","position":2,"name":"Footer","item":"https:\/\/adler.ch\/site\/footer\/"},{"@type":"ListItem","position":3,"name":"Politique de confidentialit\u00e9"}]},{"@type":"WebSite","@id":"https:\/\/adler.ch\/site\/#website","url":"https:\/\/adler.ch\/site\/","name":"Adler Joailliers","description":"High Jewellery since 1886","potentialAction":[{"@type":"SearchAction","target":{"@type":"EntryPoint","urlTemplate":"https:\/\/adler.ch\/site\/?s={search_term_string}"},"query-input":"required name=search_term_string"}],"inLanguage":"fr"}]}},"_links":{"self":[{"href":"https:\/\/adler.ch\/site\/wp-json\/wp\/v2\/pages\/16983"}],"collection":[{"href":"https:\/\/adler.ch\/site\/wp-json\/wp\/v2\/pages"}],"about":[{"href":"https:\/\/adler.ch\/site\/wp-json\/wp\/v2\/types\/page"}],"author":[{"embeddable":true,"href":"https:\/\/adler.ch\/site\/wp-json\/wp\/v2\/users\/20"}],"replies":[{"embeddable":true,"href":"https:\/\/adler.ch\/site\/wp-json\/wp\/v2\/comments?post=16983"}],"version-history":[{"count":6,"href":"https:\/\/adler.ch\/site\/wp-json\/wp\/v2\/pages\/16983\/revisions"}],"predecessor-version":[{"id":17008,"href":"https:\/\/adler.ch\/site\/wp-json\/wp\/v2\/pages\/16983\/revisions\/17008"}],"up":[{"embeddable":true,"href":"https:\/\/adler.ch\/site\/wp-json\/wp\/v2\/pages\/757"}],"wp:attachment":[{"href":"https:\/\/adler.ch\/site\/wp-json\/wp\/v2\/media?parent=16983"}],"curies":[{"name":"wp","href":"https:\/\/api.w.org\/{rel}","templated":true}]}}